{"id":3227,"date":"2023-07-11T01:37:59","date_gmt":"2023-07-10T22:37:59","guid":{"rendered":"https:\/\/huzurshops.com\/product\/%d8%b5%d9%8a%d9%86%d9%8a%d8%a9-%d8%b2%d8%ac%d8%a7%d8%ac\/"},"modified":"2023-07-11T01:55:58","modified_gmt":"2023-07-10T22:55:58","slug":"%d8%b5%d9%8a%d9%86%d9%8a%d8%a9-%d8%b2%d8%ac%d8%a7%d8%ac","status":"publish","type":"product","link":"https:\/\/huzurshops.com\/en\/urun\/%d8%b5%d9%8a%d9%86%d9%8a%d8%a9-%d8%b2%d8%ac%d8%a7%d8%ac\/?lang=tr","title":{"rendered":"Cam Tepsi"},"content":{"rendered":"","protected":false},"excerpt":{"rendered":"<p>Alt\u0131n tabanl\u0131 cam servis taba\u011f\u0131<\/p>","protected":false},"featured_media":3223,"template":"","meta":[],"product_cat":[47],"class_list":{"0":"post-3227","1":"product","2":"type-product","3":"status-publish","4":"has-post-thumbnail","6":"product_cat-47","8":"first","9":"instock","10":"shipping-taxable","11":"purchasable","12":"product-type-simple","13":"col-xs-6 col-sm-4","14":"col-md-3 col-lg-3","15":"un-4-cols"},"_wpml_media_featured":"1","_regular_price":"1100","_price":"1100","_links":{"self":[{"href":"https:\/\/huzurshops.com\/en\/wp-json\/wp\/v2\/product\/3227","targetHints":{"allow":["GET"]}}],"collection":[{"href":"https:\/\/huzurshops.com\/en\/wp-json\/wp\/v2\/product"}],"about":[{"href":"https:\/\/huzurshops.com\/en\/wp-json\/wp\/v2\/types\/product"}],"wp:featuredmedia":[{"embeddable":true,"href":"https:\/\/huzurshops.com\/en\/wp-json\/wp\/v2\/media\/3223"}],"wp:attachment":[{"href":"https:\/\/huzurshops.com\/en\/wp-json\/wp\/v2\/media?parent=3227"}],"wp:term":[{"taxonomy":"product_cat","embeddable":true,"href":"https:\/\/huzurshops.com\/en\/wp-json\/wp\/v2\/product_cat?post=3227"}],"curies":[{"name":"wp","href":"https:\/\/api.w.org\/{rel}","templated":true}]}}